{"id":103,"date":"2013-01-10T10:43:59","date_gmt":"2013-01-10T08:43:59","guid":{"rendered":"http:\/\/www.hertigswalde.de\/?page_id=103"},"modified":"2024-04-07T11:31:39","modified_gmt":"2024-04-07T09:31:39","slug":"kurzurlaub","status":"publish","type":"page","link":"https:\/\/www.hertigswalde.de\/?page_id=103","title":{"rendered":"Kurzurlaub"},"content":{"rendered":"<p><strong><span style=\"color: #0000ff;\">Kurzurlaub &#8222;Sebnitz entdecken&#8220;<\/span><\/strong><br \/>\n<span style=\"color: #0000ff;\">drei Tage die S\u00e4chsische Schweiz und die Kleinstadt Sebnitz<\/span><br \/>\nAnreise Dienstag bis Sonntag<\/p>\n<ul>\n<li>3 \u00dcbernachtungen im\u00a0Komfortzimmer<\/li>\n<li>eine Flasche Mineralwasser auf dem Zimmer<\/li>\n<li>Fr\u00fchst\u00fcck vom reichhaltigen B\u00fcffet<\/li>\n<li>Eintrittskarte in die Manufaktur &#8222;Haus Deutsche Kunstblume Sebnitz<\/li>\n<li>kostenfreier Parkplatz am Hotel<\/li>\n<li>Zugang Internet \u00fcber W-LAN kostenfrei<\/li>\n<\/ul>\n<p><span style=\"color: #0000ff;\">Preise im Doppelzimmer (f\u00fcr eine Person)<\/span><br \/>\nab 125,-EUR Anreise Dienstag -Sonntag<br \/>\nzuz\u00fcglich Kurtaxe (2,50 EUR pro Pers.\/Nacht)<br \/>\nEinzelzimmerzuschlag 30,-EUR<\/p>\n<p><span style=\"color: #0000ff;\">Preise im Doppelzimmer inklusive Halbpension (f\u00fcr eine Person)<br \/>\n<\/span><span style=\"color: #0000ff;\"><span style=\"color: #000000;\">ab 165,-EUR Anreise Dienstag bis Freitag<br \/>\nzuz\u00fcglich Kurtaxe (2,50 EUR pro Pers.\/Nacht)<br \/>\n<\/span><\/span>Einzelzimmerzuschlag 24,-EUR<\/p>\n<p><em id=\"__mceDel\">Das Angebot ist nicht \u00fcber Feiertage buchbar.<br \/>\nAnreise Dienstag bis Sonntag m\u00f6glich<\/em><\/p>\n<p><a href=\"http:\/\/www.hertigswalde.de\/wp-content\/uploads\/2013\/01\/Markt.jpg\"><img loading=\"lazy\" decoding=\"async\" class=\"alignnone size-medium wp-image-99\" src=\"http:\/\/www.hertigswalde.de\/wp-content\/uploads\/2013\/01\/Markt-300x225.jpg\" alt=\"Markt\" width=\"300\" height=\"225\" srcset=\"https:\/\/www.hertigswalde.de\/wp-content\/uploads\/2013\/01\/Markt-300x225.jpg 300w, https:\/\/www.hertigswalde.de\/wp-content\/uploads\/2013\/01\/Markt-400x300.jpg 400w, https:\/\/www.hertigswalde.de\/wp-content\/uploads\/2013\/01\/Markt.jpg 600w\" sizes=\"auto, (max-width: 300px) 100vw, 300px\" \/><\/a><\/p>\n<div id=\"packagesFrame\"><\/div>\n<p><script type=\"text\/javascript\" src=\"\/\/www.easy-booking.at\/ebPlugins\/packages\/jquery.easybooking.packages.v4.js\"><\/script><br \/>\n<script type=\"text\/javascript\"><br \/>\nfunction ebPackagesLoadedCheck() {<br \/>\n    if(typeof jQuery != \"undefined\") {<br \/>\n        if(jQuery.fn.ebPackages) {<br \/>\n            jQuery(\"#packagesFrame\").ebPackages({<br \/>\n                customerId: 4766,<br \/>\n                serialNo: \"8017-6989-8938\",<br \/>\n                localeId: 2,<br \/>\n                category: \"all\",<br \/>\n                offer: \"all\",<br \/>\n                stepOne: \"off\",<br \/>\n                loadCSS: true,<br \/>\n                packagesPerPage  : 4,<br \/>\n                numPersons : 2,<br \/>\n                numChildren : 0,<br \/>\n                arrivalDate : \"0000-00-00\",<br \/>\n                showFilters : false,<br \/>\n                showCategoryFilter: false,<br \/>\n                listTemplate : \"http:\/\/www.easy-booking.at\/ebPlugins\/packages\/packageList\/html\/package_v3.html\",<br \/>\n                sortBy : \"random\",<br \/>\n                conversionEnquiry:\"\",<br \/>\n                conversionReservation: \"\",<br \/>\n            });<br \/>\n        } else {<br \/>\n            setTimeout(ebPackagesLoadedCheck,200);<br \/>\n        }<br \/>\n    } else {<br \/>\n        setTimeout(ebPackagesLoadedCheck,200);<br \/>\n    }<br \/>\n}<br \/>\nebPackagesLoadedCheck();<br \/>\n<\/script><\/p>\n","protected":false},"excerpt":{"rendered":"<p>Kurzurlaub &#8222;Sebnitz entdecken&#8220; drei Tage die S\u00e4chsische Schweiz und die Kleinstadt Sebnitz Anreise Dienstag bis Sonntag 3 \u00dcbernachtungen im\u00a0Komfortzimmer eine Flasche Mineralwasser auf dem Zimmer Fr\u00fchst\u00fcck vom reichhaltigen B\u00fcffet Eintrittskarte in die Manufaktur &#8222;Haus Deutsche Kunstblume Sebnitz kostenfreier Parkplatz am &hellip; <a href=\"https:\/\/www.hertigswalde.de\/?page_id=103\">Weiterlesen <span class=\"meta-nav\">&rarr;<\/span><\/a><\/p>\n","protected":false},"author":1,"featured_media":0,"parent":96,"menu_order":10,"comment_status":"closed","ping_status":"open","template":"","meta":{"jetpack_post_was_ever_published":false,"footnotes":""},"class_list":["post-103","page","type-page","status-publish","hentry"],"jetpack_sharing_enabled":true,"jetpack_shortlink":"https:\/\/wp.me\/P4yyaF-1F","_links":{"self":[{"href":"https:\/\/www.hertigswalde.de\/index.php?rest_route=\/wp\/v2\/pages\/103","targetHints":{"allow":["GET"]}}],"collection":[{"href":"https:\/\/www.hertigswalde.de\/index.php?rest_route=\/wp\/v2\/pages"}],"about":[{"href":"https:\/\/www.hertigswalde.de\/index.php?rest_route=\/wp\/v2\/types\/page"}],"author":[{"embeddable":true,"href":"https:\/\/www.hertigswalde.de\/index.php?rest_route=\/wp\/v2\/users\/1"}],"replies":[{"embeddable":true,"href":"https:\/\/www.hertigswalde.de\/index.php?rest_route=%2Fwp%2Fv2%2Fcomments&post=103"}],"version-history":[{"count":18,"href":"https:\/\/www.hertigswalde.de\/index.php?rest_route=\/wp\/v2\/pages\/103\/revisions"}],"predecessor-version":[{"id":1330,"href":"https:\/\/www.hertigswalde.de\/index.php?rest_route=\/wp\/v2\/pages\/103\/revisions\/1330"}],"up":[{"embeddable":true,"href":"https:\/\/www.hertigswalde.de\/index.php?rest_route=\/wp\/v2\/pages\/96"}],"wp:attachment":[{"href":"https:\/\/www.hertigswalde.de\/index.php?rest_route=%2Fwp%2Fv2%2Fmedia&parent=103"}],"curies":[{"name":"wp","href":"https:\/\/api.w.org\/{rel}","templated":true}]}}