{"id":227,"date":"2013-04-02T09:56:59","date_gmt":"2013-04-02T07:56:59","guid":{"rendered":"http:\/\/www.hertigswalde.de\/?page_id=227"},"modified":"2017-06-29T14:06:50","modified_gmt":"2017-06-29T12:06:50","slug":"hertigswalde","status":"publish","type":"page","link":"https:\/\/www.hertigswalde.de\/?page_id=227","title":{"rendered":"Hertigswalde"},"content":{"rendered":"<p><span style=\"font-family: 'Helvetica Neue', Helvetica, Arial, 'Nimbus Sans L', sans-serif;\"><strong>Hertigswalde<\/strong> ist ein Stadtteil der Gro\u00dfen Kreisstadt Sebnitz im Landkreis S\u00e4chsische Schweiz-Osterzgebirge, Sachsen. Der Ort liegt an der Grenze zu Tschechien.<\/span><\/p>\n<div><span style=\"font-family: 'Helvetica Neue', Helvetica, Arial, 'Nimbus Sans L', sans-serif;\">&nbsp;<\/span><strong><span style=\"font-family: 'Helvetica Neue', Helvetica, Arial, 'Nimbus Sans L', sans-serif;\">Geographie<\/span><\/strong><\/div>\n<div><span style=\"font-family: 'Helvetica Neue', Helvetica, Arial, 'Nimbus Sans L', sans-serif;\">Hertigswalde liegt im rechtselbischen Teil der S\u00e4chsischen Schweiz im Tal zu beiden Seiten des Hertigswalder Bachs, eines linken Nebenflusses der Sebnitz. \u00d6stlich des Ortes erhebt sich der Tanzplan, dessen knapp 600 Meter hoher Gipfel (Tane\u010dnice) auf tschechischem Staatsgebiet liegt. N\u00f6rdlich des Ortes liegen der 495 Meter hohe Kaiserberg und der 459 Meter hohe Buchberg, deren Hanglangen bewaldet sind. S\u00fcdlich der Ortslage befindet sich eine Hochfl\u00e4che mit der Lausitzer Verwerfung, die den geologischen \u00dcbergang zum Elbsandsteingebirge markiert. Entlang der dortigen Wasserscheide zwischen Sebnitz und Kirnitzsch verl\u00e4uft in Ost-West-Richtung die Hohe Stra\u00dfe, eine alte Verbindung von Bad Schandau ins B\u00f6hmische Niederland.<\/span><\/div>\n<div><span style=\"font-family: 'Helvetica Neue', Helvetica, Arial, 'Nimbus Sans L', sans-serif;\">&nbsp;<\/span><\/div>\n<div><span style=\"font-family: 'Helvetica Neue', Helvetica, Arial, 'Nimbus Sans L', sans-serif;\">Die Gemarkung Hertigswalde grenzt im Norden an Sebnitz an. Benachbart sind weiterhin dessen Ortsteile Hainersdorf im Westen, Lichtenhain im S\u00fcdwesten, Ottendorf im S\u00fcden und Saupsdorf im S\u00fcdosten. \u00d6stlich grenzt der Ortsteil Tom\u00e1\u0161ov (Thomasdorf) der nordb\u00f6hmischen Stadt Mikul\u00e1\u0161ovice (Nixdorf) an.<\/span><\/div>\n<div><a href=\"http:\/\/www.hertigswalde.de\/wp-content\/uploads\/2013\/04\/Hertigswalde_lage1.jpg\"><img loading=\"lazy\" decoding=\"async\" class=\"alignnone wp-image-233\" src=\"http:\/\/www.hertigswalde.de\/wp-content\/uploads\/2013\/04\/Hertigswalde_lage1.jpg\" alt=\"Hertigswalde_lage1\" width=\"800\" height=\"550\" srcset=\"https:\/\/www.hertigswalde.de\/wp-content\/uploads\/2013\/04\/Hertigswalde_lage1.jpg 1000w, https:\/\/www.hertigswalde.de\/wp-content\/uploads\/2013\/04\/Hertigswalde_lage1-300x206.jpg 300w, https:\/\/www.hertigswalde.de\/wp-content\/uploads\/2013\/04\/Hertigswalde_lage1-436x300.jpg 436w\" sizes=\"auto, (max-width: 800px) 100vw, 800px\" \/><\/a><\/div>\n<div><span style=\"font-family: 'Helvetica Neue', Helvetica, Arial, 'Nimbus Sans L', sans-serif;\">Wichtigste Stra\u00dfe im Ort ist die von Lohmen \u00fcber Hohnstein, Sebnitz, Hertigswalde und Saupsdorf nach Bad Schandau f\u00fchrende Staatsstra\u00dfe 165. Von ihr zweigt unter dem Namen Ottendorfer Stra\u00dfe die Kreisstra\u00dfe 8738 \u00fcber Ottendorf ins Kirnitzschtal ab. An den \u00d6PNV ist Hertigswalde \u00fcber die Buslinien 268 und 269 der Oberelbischen Verkehrsgesellschaft Pirna-Sebnitz angebunden.<\/span><\/div>\n<div><span style=\"font-family: 'Helvetica Neue', Helvetica, Arial, 'Nimbus Sans L', sans-serif;\">&nbsp;<\/span><\/div>\n<div><span style=\"font-family: 'Helvetica Neue', Helvetica, Arial, 'Nimbus Sans L', sans-serif;\">In Hertigswalde befinden sich unter anderem das Sebnitzer Touristikzentrum mit Naturfreibad sowie zahlreiche Ferienh\u00e4user und Ferienwohnungen. In der Ortsmitte steht ein altes Steinkreuz.<\/span><\/div>\n<div><span style=\"font-family: 'Helvetica Neue', Helvetica, Arial, 'Nimbus Sans L', sans-serif;\">&nbsp;<\/span><\/div>\n<div><strong><span style=\"font-family: 'Helvetica Neue', Helvetica, Arial, 'Nimbus Sans L', sans-serif;\">Geschichte<\/span><\/strong><\/div>\n<div><span style=\"font-family: 'Helvetica Neue', Helvetica, Arial, 'Nimbus Sans L', sans-serif;\">Der Ortsname ist, genau wie die Namen der meisten Orte in der Umgebung, nicht slawischen, sondern deutschen Ursprungs. Er setzt sich aus zwei Bestandteilen zusammen, die sich von einer Variante des Vornamens \u201eHartwig\u201c bzw. von \u201eWald\u201c ableiten lassen. Erstmals erw\u00e4hnt wurde das Dorf 1446 als \u201eHertewigisswalde\u201c;&nbsp;<\/span><\/div>\n<div><span style=\"font-family: 'Helvetica Neue', Helvetica, Arial, 'Nimbus Sans L', sans-serif;\">&nbsp;<\/span><\/div>\n<div><span style=\"font-family: 'Helvetica Neue', Helvetica, Arial, 'Nimbus Sans L', sans-serif;\">Urkundlich belegt sind im 15. Jahrhundert und sp\u00e4ter verschiedene Schreibweisen des Ortsnamens: Hertewigisewalde 1446; Hertingeswalde 1451; Hertigiswalde 1451; Herttigswaldt 1547; Herttigswalde 1789; Hartiswalde, 1468 Hartswalde, 1468; Herwigswalde 1525; Hertigs Walda 1627; mundartlich:Harzwale, H\u00f6rzwalde.<\/span><\/div>\n<div><span style=\"font-family: 'Helvetica Neue', Helvetica, Arial, 'Nimbus Sans L', sans-serif;\">&nbsp;Noch 1875 ist die Nebenform \u201eHertwigswalde\u201c bezeugt.<\/span><\/div>\n<div><span style=\"font-family: 'Helvetica Neue', Helvetica, Arial, 'Nimbus Sans L', sans-serif;\">&nbsp;<\/span><\/div>\n<div><span style=\"font-family: 'Helvetica Neue', Helvetica, Arial, 'Nimbus Sans L', sans-serif;\">Hertigswalde entstand als Waldhufendorf im Zuge der Deutschen Ostsiedlung. Deutsche Siedler sollen in das Gebiet der s\u00e4chsischen Schweiz rechts der Elbe im 12. und 13. Jahrhundert aus der Gegend um Bamberg und W\u00fcrzburg eingewandert sein, und zwar \u00fcber die Hohe Stra\u00dfe, die Wasserscheide zwischen der Sebnitz und der Kirnitzsch, in ein Gebiet, das einen Urwald glich und zwischen dem Siedlungsraum der Tschechen und der Sorben lag. Um 1450 scheint neben anderen Ortschaften auch Hertigswalde zur Herrschaft Wildenstein (Schlo\u00df der Birken von der Duba) auf dem Kuhstall geh\u00f6rt zu haben. 1451 kommt Hertigswalde mit der Herrschaft Wildenstein durch Tausch an den Kurf\u00fcrsten Friedrich von Sachsen. Der Wettinische Besitz bildete nunmehr einen Teil des Kurs\u00e4chsischen Amtes Hohnstein. Hertigswalde wurde unmittelbares hohnsteinisches Amtsdorf. Als Amtsdorf unterstand es mit seiner rund 12,75 Hufen gro\u00dfen Waldhufenflur in grundherrschaftlicher, erbgerichtlicher und verwalterischer Hinsicht vom 16. bis ins 19. Jahrhundert direkt dem Amt Hohnstein. Eingepfarrt war und ist es dagegen nach Sebnitz, dessen Gerichtsamt 1856 au\u00dferdem die Verwaltung von Hertigswalde oblag. Im Silberbusch \u00f6stlich des Ortes wurde Ende des 18. Jahrhunderts Bergbau betrieben.&nbsp;<\/span><\/div>\n<div>&nbsp;<a href=\"http:\/\/www.hertigswalde.de\/wp-content\/uploads\/2013\/04\/Hertigsw_alt.jpg\"><img loading=\"lazy\" decoding=\"async\" class=\"alignnone size-full wp-image-234\" src=\"http:\/\/www.hertigswalde.de\/wp-content\/uploads\/2013\/04\/Hertigsw_alt.jpg\" alt=\"Hertigsw_alt\" width=\"1000\" height=\"757\" srcset=\"https:\/\/www.hertigswalde.de\/wp-content\/uploads\/2013\/04\/Hertigsw_alt.jpg 1000w, https:\/\/www.hertigswalde.de\/wp-content\/uploads\/2013\/04\/Hertigsw_alt-300x227.jpg 300w, https:\/\/www.hertigswalde.de\/wp-content\/uploads\/2013\/04\/Hertigsw_alt-396x300.jpg 396w\" sizes=\"auto, (max-width: 1000px) 100vw, 1000px\" \/><\/a><\/div>\n<p>Schon 1446 werden in Hertigswalde zwei Erbgerichte erw\u00e4hnt. 1547 stellte es zum Heerwagen von Sebnitz zwei Knechte mit Ger\u00e4te. 1561 zinst Lauxs Hempel, Lehnrichter, 16 Groschen 8 Pfennige von 100 Schock an das Amt Hohnstein. 1598 erl\u00e4\u00dft der Kurf\u00fcrst den Wettergesch\u00e4digten zu Hertigswalde auf 1 1\/2 Jahr Landsteuern und Zinsen. Bis Ende des 18, Jahrhunderts werden als Besitzer des Erb- und Lehngerichtes Familie Hille und Scheffler genannt.<\/p>\n<p>1829 wird geklagt, da\u00df der Bierschank des Erbgerichts, weil das auf der Anh\u00f6he abseits der Stra\u00dfe liegende Erbgericht f\u00fcr die Reisenden zu beschwerlich zu erreichen sei, in 2 Biersch\u00e4nken betrieben wurde. Die Heckelsche Sch\u00e4nke am B\u00f6hmischen Hauptfu\u00dfwege im Oberdorfe bestehe schon seit 40 Jahren, die Palmesche an der B\u00f6hmischen Pahrstra\u00dfe im niederen Dorf seit l\u00e4nger als 20 Jahren. Beide werden 1830 verboten. Am 26. Januar 1831 wird dem Erblehnrichter Immanuel Gottlieb B\u00f6hme gestattet, seine Befugnis zum Schenken, Musik- und Tanzhalten und Beherbergen auf sein in der Mitte des Dorfes an der Stra\u00dfe liegendes Bauerngut (der heutige Gasthof) zu \u00fcbertragen. Noch im Jahre 1831 er\u00f6ffnete der Gasthof Hertigswalde.<\/p>\n<p>Auf Grundlage der Landgemeindeordnung von 1838 erlangte Hertigswalde Selbstst\u00e4ndigkeit als Landgemeinde. Diese war 1875 Teil der Amtshauptmannschaft Pirna, die Gr\u00f6\u00dfe der Gemeindeflur betrug im Jahre 1900 rund 709 Hektar. Im Jahre 1950 wurde Hertigswalde nach Sebnitz eingemeindet, das 1952 Sitz des neuen Kreises Sebnitz wurde.<\/p>\n<p>Von da an bis heute ist Hertigswalde ein Ortsteil der Gro\u00dfen Kreisstadt Sebnitz.<a href=\"http:\/\/www.hertigswalde.de\/wp-content\/uploads\/2013\/04\/Hertigswalde.jpg\"><img loading=\"lazy\" decoding=\"async\" class=\"alignnone size-large wp-image-229\" src=\"http:\/\/www.hertigswalde.de\/wp-content\/uploads\/2013\/04\/Hertigswalde.jpg\" alt=\"Hertigswalde\" width=\"435\" height=\"288\" srcset=\"https:\/\/www.hertigswalde.de\/wp-content\/uploads\/2013\/04\/Hertigswalde.jpg 435w, https:\/\/www.hertigswalde.de\/wp-content\/uploads\/2013\/04\/Hertigswalde-300x198.jpg 300w\" sizes=\"auto, (max-width: 435px) 100vw, 435px\" \/><\/a><\/p>\n<p>&nbsp;<\/p>\n<div id=\"minikalender\">\u00a0<\/div>\n<p><script src=\"https:\/\/www.secure4all.de\/minikalender\/style\/hotel1929.js\" type=\"text\/javascript\"><\/script><br \/>\n<script type=\"text\/javascript\">ladeMinikalender ();<\/script><\/p>\n","protected":false},"excerpt":{"rendered":"<p>Hertigswalde ist ein Stadtteil der Gro\u00dfen Kreisstadt Sebnitz im Landkreis S\u00e4chsische Schweiz-Osterzgebirge, Sachsen. Der Ort liegt an der Grenze zu Tschechien. &nbsp;Geographie Hertigswalde liegt im rechtselbischen Teil der S\u00e4chsischen Schweiz im Tal zu beiden Seiten des Hertigswalder Bachs, eines linken &hellip; <a href=\"https:\/\/www.hertigswalde.de\/?page_id=227\">Weiterlesen <span class=\"meta-nav\">&rarr;<\/span><\/a><\/p>\n","protected":false},"author":1,"featured_media":0,"parent":46,"menu_order":20,"comment_status":"closed","ping_status":"open","template":"","meta":{"jetpack_post_was_ever_published":false,"footnotes":""},"class_list":["post-227","page","type-page","status-publish","hentry"],"jetpack_sharing_enabled":true,"jetpack_shortlink":"https:\/\/wp.me\/P4yyaF-3F","_links":{"self":[{"href":"https:\/\/www.hertigswalde.de\/index.php?rest_route=\/wp\/v2\/pages\/227","targetHints":{"allow":["GET"]}}],"collection":[{"href":"https:\/\/www.hertigswalde.de\/index.php?rest_route=\/wp\/v2\/pages"}],"about":[{"href":"https:\/\/www.hertigswalde.de\/index.php?rest_route=\/wp\/v2\/types\/page"}],"author":[{"embeddable":true,"href":"https:\/\/www.hertigswalde.de\/index.php?rest_route=\/wp\/v2\/users\/1"}],"replies":[{"embeddable":true,"href":"https:\/\/www.hertigswalde.de\/index.php?rest_route=%2Fwp%2Fv2%2Fcomments&post=227"}],"version-history":[{"count":6,"href":"https:\/\/www.hertigswalde.de\/index.php?rest_route=\/wp\/v2\/pages\/227\/revisions"}],"predecessor-version":[{"id":668,"href":"https:\/\/www.hertigswalde.de\/index.php?rest_route=\/wp\/v2\/pages\/227\/revisions\/668"}],"up":[{"embeddable":true,"href":"https:\/\/www.hertigswalde.de\/index.php?rest_route=\/wp\/v2\/pages\/46"}],"wp:attachment":[{"href":"https:\/\/www.hertigswalde.de\/index.php?rest_route=%2Fwp%2Fv2%2Fmedia&parent=227"}],"curies":[{"name":"wp","href":"https:\/\/api.w.org\/{rel}","templated":true}]}}