{"id":293,"date":"2013-07-21T09:20:56","date_gmt":"2013-07-21T07:20:56","guid":{"rendered":"http:\/\/www.hertigswalde.de\/?page_id=293"},"modified":"2026-03-30T20:40:18","modified_gmt":"2026-03-30T18:40:18","slug":"tageskarte","status":"publish","type":"page","link":"https:\/\/www.hertigswalde.de\/?page_id=293","title":{"rendered":"Tageskarte"},"content":{"rendered":"\n<p>Fr\u00fchlingss\u00fcppchen mit \u20ac 4,90<br \/>B\u00e4rlauch und Hertigswalder Bachkresse<\/p>\n<p>Lammbraten mit Rosmarinso\u00dfe \u20ac 17,90<br \/>gr\u00fcnen Bohnen und hausgemachte Kartoffelkl\u00f6\u00dfe<\/p>\n<p>Lammbraten mit Rosmarinso\u00dfe \u20ac 17,90<br \/>auf Sp\u00e4tzle und gr\u00fcne Bohnen<span class=\"Apple-converted-space\">\u00a0<\/span><\/p>\n<p>Tafelspitz vom mit Sahne-Meerrettich-So\u00dfe, \u20ac 18,50<br \/>Apfelspalten und Petersilienkartoffeln<\/p>\n","protected":false},"excerpt":{"rendered":"<p>Fr\u00fchlingss\u00fcppchen mit \u20ac 4,90B\u00e4rlauch und Hertigswalder Bachkresse Lammbraten mit Rosmarinso\u00dfe \u20ac 17,90gr\u00fcnen Bohnen und hausgemachte Kartoffelkl\u00f6\u00dfe Lammbraten mit Rosmarinso\u00dfe \u20ac 17,90auf Sp\u00e4tzle und gr\u00fcne Bohnen\u00a0 Tafelspitz vom mit Sahne-Meerrettich-So\u00dfe, \u20ac 18,50Apfelspalten und Petersilienkartoffeln<\/p>\n","protected":false},"author":1,"featured_media":0,"parent":70,"menu_order":10,"comment_status":"closed","ping_status":"open","template":"","meta":{"jetpack_post_was_ever_published":false,"footnotes":""},"class_list":["post-293","page","type-page","status-publish","hentry"],"jetpack_sharing_enabled":true,"jetpack_shortlink":"https:\/\/wp.me\/P4yyaF-4J","_links":{"self":[{"href":"https:\/\/www.hertigswalde.de\/index.php?rest_route=\/wp\/v2\/pages\/293","targetHints":{"allow":["GET"]}}],"collection":[{"href":"https:\/\/www.hertigswalde.de\/index.php?rest_route=\/wp\/v2\/pages"}],"about":[{"href":"https:\/\/www.hertigswalde.de\/index.php?rest_route=\/wp\/v2\/types\/page"}],"author":[{"embeddable":true,"href":"https:\/\/www.hertigswalde.de\/index.php?rest_route=\/wp\/v2\/users\/1"}],"replies":[{"embeddable":true,"href":"https:\/\/www.hertigswalde.de\/index.php?rest_route=%2Fwp%2Fv2%2Fcomments&post=293"}],"version-history":[{"count":91,"href":"https:\/\/www.hertigswalde.de\/index.php?rest_route=\/wp\/v2\/pages\/293\/revisions"}],"predecessor-version":[{"id":1381,"href":"https:\/\/www.hertigswalde.de\/index.php?rest_route=\/wp\/v2\/pages\/293\/revisions\/1381"}],"up":[{"embeddable":true,"href":"https:\/\/www.hertigswalde.de\/index.php?rest_route=\/wp\/v2\/pages\/70"}],"wp:attachment":[{"href":"https:\/\/www.hertigswalde.de\/index.php?rest_route=%2Fwp%2Fv2%2Fmedia&parent=293"}],"curies":[{"name":"wp","href":"https:\/\/api.w.org\/{rel}","templated":true}]}}