{"id":432,"date":"2014-04-19T19:53:48","date_gmt":"2014-04-19T17:53:48","guid":{"rendered":"http:\/\/www.hertigswalde.de\/?page_id=432"},"modified":"2025-04-25T17:05:48","modified_gmt":"2025-04-25T15:05:48","slug":"hausinformation","status":"publish","type":"page","link":"https:\/\/www.hertigswalde.de\/?page_id=432","title":{"rendered":"Hausinformation"},"content":{"rendered":"<p>Zur Information finden Sie auf unseren Zimmern eine Hausinformation und G\u00e4ste Informationen von A-Z. Wenn Sie sich schon vor Ihrer Anreise informieren m\u00f6chten finden sie hier einen Download oder auch die Textvariante.<\/p>\n<p><a href=\"http:\/\/www.hertigswalde.de\/wp-content\/uploads\/2013\/01\/zimmer32.jpg\"><img loading=\"lazy\" decoding=\"async\" class=\"alignnone size-medium wp-image-136\" src=\"http:\/\/www.hertigswalde.de\/wp-content\/uploads\/2013\/01\/zimmer32-300x200.jpg\" alt=\"zimmer3\" width=\"300\" height=\"200\" srcset=\"https:\/\/www.hertigswalde.de\/wp-content\/uploads\/2013\/01\/zimmer32-300x200.jpg 300w, https:\/\/www.hertigswalde.de\/wp-content\/uploads\/2013\/01\/zimmer32-450x300.jpg 450w, https:\/\/www.hertigswalde.de\/wp-content\/uploads\/2013\/01\/zimmer32.jpg 600w\" sizes=\"auto, (max-width: 300px) 100vw, 300px\" \/><\/a><\/p>\n<p>Einen Download als pdf. finden Sie hier: <a href=\"http:\/\/www.hertigswalde.de\/wp-content\/uploads\/2014\/04\/Hausinfo.pdf\" target=\"_blank\" rel=\"noopener noreferrer\">Hausinformation<\/a><\/p>\n<p><strong><span style=\"color: #993300;\">Hausinformation<\/span><\/strong><br \/>\n<strong><span style=\"color: #993300;\">Gasthof Hertigswalde<\/span><\/strong><br \/>\n<strong><span style=\"color: #993300;\">G\u00e4ste Informationen von A-Z<\/span><\/strong><\/p>\n<p>Herzlich willkommen im Gasthof Hertigswalde<br \/>\nUm Ihnen den Aufenthalt so angenehm wie m\u00f6glich zu gestalten, erhalten Sie mit dieser G\u00e4stemappe einige Informationen zu unserem Haus und der n\u00e4heren Umgebung:<br \/>\n<span style=\"color: #993300;\">Aus der Ortschronik von Sebnitz<\/span><br \/>\nIn der 2. H\u00e4lfte des 12. Jahrhunderts wurde der Ort durch deutsche Bauern aus der Gegend von Bamberg und W\u00fcrzburg als Ackerb\u00fcrgerstadt gegr\u00fcndet. Erste urkundliche Erw\u00e4hnung fand die Siedlung 1359. Der Name der \u00fcber 750-j\u00e4hrigen Stadt Sebnitz ist auf diese fr\u00e4nkische Besiedlung zur\u00fcckzuf\u00fchren, wo die Bezeichnung &#8222;Sebenica&#8220; das erste Mal auftauchte. Dies hei\u00dft soviel wie &#8222;Finkenwaldbach&#8220;.<!--more-->Im Jahre 1451 gelangte die Stadt mit der Herrschaft Wildenstein (Hintere S\u00e4chsische Schweiz) an die Wettiner. Vorher geh\u00f6rte die Gegend zur Krone B\u00f6hmens. Bis ins 19.Jahrhundert hinein war Sebnitz eine Ackerbau- und Leineweberstadt. Aus dieser Zeit sind noch heute einige Lausitzer Umgebindeh\u00e4user erhalten geblieben, in denen damals die Web-st\u00fchle klapperten. Die Entwicklung der maschinellen Leinenproduktion f\u00fchrte zum Niedergang der Weberei. Um 1834 f\u00fchrten aus Nordb\u00f6hmen kommende Blumenmacher ihr Handwerk in Sebnitz ein. Was zuerst in Heimarbeit in den Stuben der Arbeiter an Kunstwerken entstand, entwickelte sich \u00fcber Jahrzehnte zum bedeutendsten Industriezweig der Stadt. Der Erwerbszweig der Kunstblumenherstellung erlangte wenige Jahrzehnte sp\u00e4ter Weltgeltung. Um 1900 besch\u00e4ftigte die Kunstblumenindustrie ca. 15 000 Menschen (zumeist in Heimarbeit) und deckte etwa 75 % des Weltmarktbedarfes. W\u00e4hrend der NS Zeit brach ein Gro\u00dfteil des Ab-satzmarktes in \u00dcbersee und Westeuropa weg. Nach dem zweiten Weltkrieg konnten von den Kunstblumenherstellern die alten Handelsbeziehungen nicht wieder hergestellt werden. Die meisten der privaten Unternehmen wurde durch die DDR F\u00fchrung zur VEB- Kunstblume ver-staatlicht. Nach der politischen Wende 1990 hat die Treuhand den volkseigenen Betrieb abgewi-ckelt. Die Herstellung k\u00fcnstlicher Blumen wird heute im Sebnitzer Haus Deutsche Kunstblume gezeigt. Einen Besuch sollten Sie w\u00e4hrend Ihres Aufenthaltes unbedingt einplanen<br \/>\n<span style=\"color: #993300;\">Programmbeleg\u00fcbersicht TV<\/span><br \/>\nFernsehprogramme empfangen wir in unserem Haus via Satellit. In den TV-Ger\u00e4ten ist dazu ein DVB-S Reciver integriert. Die Programmbelegung finden Sie in unten stehender Liste (nicht vollst\u00e4ndig). Bitte programmieren Sie die voreingestellten Sender nicht um. Bei Problemen mel-den Sie sich bitte an der Rezeption. Wir ersuchen Sie h\u00f6flich, Ihr Ger\u00e4t auf Zimmerlautst\u00e4rke einzustellen, damit andere G\u00e4ste nicht gest\u00f6rt werden.<br \/>\nRadioprogramme empfangen Sie ebenfalls \u00fcber den Fernseher, zur Umschaltung bet\u00e4tigen Sie auf der Fernbedienung die Taste TV\/RADIO<br \/>\nBei Fragen wenden Sie sich an unsere Mitarbeiter \u2013 wir helfen Ihnen gern.<br \/>\nFernsehempfang Satellit (DVB-S)<br \/>\nKanal Sender Kanal Sender<br \/>\n1 ARD 18 WDR<br \/>\n2 ZDF 19 NDR<br \/>\n3 MDR 20 rbb<br \/>\n4 SAT 1 21 BR alpha<br \/>\n5 RTL 22 3sat<br \/>\n6 Pro 7 23 Six<br \/>\n7 RTL II 24 DSF<br \/>\n8 VOX 25 ZDF info<br \/>\n9 Kabel 1 26 ZDF theater<br \/>\n10 Super RTL 27 ZDF neo<br \/>\n11 Ki.Ka 28 VIVA<br \/>\n12 N 24 29 Tele5<br \/>\n13 ntv 30 Sky News<br \/>\n14 Phoenix<br \/>\n15 Bayrisches Fernsehen<br \/>\n16 hr- fernsehen<br \/>\n17 S\u00fcdwest Fernsehen &#8230;&#8230;&#8230;<br \/>\n<span style=\"color: #993300;\">Internet\/W-Lan\/ WiFi<\/span><br \/>\nIn allen Zimmern und fast allen Bereichen im Restaurant ist das Internet \u00fcber W-LAN empfangbar. Den Zugangscode f\u00fcr unser WLAN &#8222;HertigswaldeWLAN&#8220; finden Sie im Zimmer. Je nach Ger\u00e4t verbinden Sie sich unter Einstellungen \/Netzwerk zun\u00e4chst mit dem WLAN &#8222;HertigswaldeWLAN&#8220;. Im Browser \u00f6ffnet sich dann ein Fenster zur Eingabe von Benutzerkennung und Passwort. Achten Sie beim Benutzernamen auf vollst\u00e4ndige Eingabe &#8222;user+Ziffer&#8220;.<\/p>\n<p><strong><span style=\"color: #993300;\">Service-Leitfaden\/Gasthof Hertigswalde\/ G\u00e4ste Informationen von A-Z<\/span><\/strong><\/p>\n<p><span style=\"color: #993300;\">A<\/span><br \/>\nAnreise<br \/>\nDie Zimmer stehen Ihnen am Anreisetag ab 14:00 Uhr zur Verf\u00fcgung, nach Absprache auch fr\u00fcher<br \/>\nAbreise<br \/>\nAm Abreisetag steht Ihnen das Zimmer bis 10.00 Uhr zur Verf\u00fcgung. Bitte geben Sie den Zimmerschl\u00fcssel an der Rezeption ab. Bei einer Abreise schon vor 8:00 Uhr bitten wir Sie die Rechnung schon am Vorabend zu begleichen. Falls Ihre Abreise aus organischen Gr\u00fcnden erst sp\u00e4ter m\u00f6glich ist, sprechen Sie dies bitte mit unseren Mitarbeitern ab. Es besteht die M\u00f6glichkeit, Ihr Gep\u00e4ck bis zur Abreise an geeigneter Stelle aufbewahren zu lassen.<br \/>\nAbholung\/Transfer<br \/>\nVereinbaren Sie mit uns Ihre pers\u00f6nliche Abholung oder Ihren Transfer vom Bahnhof\/ Bushaltestelle zum Hotel und zur\u00fcck (Shuttle Service). Geben Sie uns bitte vorher und vor allem fr\u00fchzeitig Bescheid, damit wir die entsprechende Fahrt planen k\u00f6nnen.<br \/>\nApotheke<br \/>\nMarien Apotheke, Schandauer Stra\u00dfe 2, 01855 Sebnitz<br \/>\nRosen Apotheke, Rosenstra\u00dfe 11, 01855 Sebnitz<br \/>\nHirsch Apotheke, G\u00f6tzinger Stra\u00dfe 7, 01855 Sebnitz<br \/>\nArzt<br \/>\nDr. med. Martina M\u00fcller-Balogh Tel. 54539<br \/>\nDr. med. C. Steinbr\u00fcck Tel. 52189<br \/>\nDr. med. Thomas Kleber Tel. 56900<br \/>\nMehrere Fach\u00e4rzte sind in Sebnitz ans\u00e4ssig, f\u00fcr genauere Informationen wenden Sie sich bitte an uns.<br \/>\n<span style=\"color: #993300;\">B<\/span><br \/>\nBabybett<br \/>\nGerne stellen wir Ihnen ein Bett f\u00fcrs Baby oder Kleinkind zur Verf\u00fcgung. Pro \u00dcbernachtung berechnen wir 5,-EUR<br \/>\nBank<br \/>\nOsts\u00e4chsische Sparkasse Dresden, Schandauer Stra\u00dfe 4, 01855 Sebnitz<br \/>\nVolksbank Pirna e.G. Markt 11, 01855 Sebnitz<br \/>\nBettdecken\/Kopfkissen<br \/>\nW\u00fcnschen Sie weitere Decken oder Kissen, bringen wir diese gern auf Ihr Zimmer.<br \/>\nBezahlung<br \/>\nBitte begleichen Sie Ihre Rechnung bei Abreise. Neben in bar k\u00f6nnen Sie auch mit EC-Karte, MasterCard oder VISA- Card bezahlen<br \/>\nB\u00fcgeleisen\/B\u00fcgelbrett<br \/>\nMelden Sie sich bitte an der Rezeption<br \/>\n<span style=\"color: #993300;\">C<\/span><br \/>\nCheck in<br \/>\nAb 14:00 Uhr , nach Absprache fr\u00fcher<br \/>\nCheck out<br \/>\nbis 10:00 Uhr<br \/>\n<span style=\"color: #993300;\">D<\/span><br \/>\nDecke<br \/>\nf\u00fcr eine zus\u00e4tzlichen Decke wenden Sie sich bitte an unsere Mitarbeiter an der Rezeption\/ im Restaurant<br \/>\nDamwild<br \/>\nDas Damwildgehege auf den Wiesen hinter dem Gasthof geh\u00f6rt zu unserem Haus. Die Tiere freuen sich auf den ein oder anderen Kanten Brot.<br \/>\n<span style=\"color: #993300;\">E<\/span><br \/>\nE-Mail<br \/>\nSie m\u00f6chten eine E-Mail empfangen, haben aber keinen Laptop\/Tablet mit? Unsere E-Mail-Adresse lautet: gasthof@hertigswalde.de, der Absender m\u00f6ge bitte &#8222;z.Hd.: Ihr Name&#8220; in der Mail vermerken und wir hinterlegen die gedruckte Mail an der Rezeption.<br \/>\n<span style=\"color: #993300;\">F<\/span><br \/>\nFahrradverleih<br \/>\nSie k\u00f6nnen bei uns Fahrr\u00e4der und E-Bikes (Pedelac) ausleihen.<br \/>\nWir berechnen pro Fahrrad und Tag ab 10,-EUR, pro E-Bike und Tag ab 25,-EUR<br \/>\nFaxservice<br \/>\nUnsere Faxnummer lautet 035971 52112. F\u00fcr das Versenden von Faxnachrichten wenden Sie sich bitte an unsere Mitarbeiter<br \/>\nFernsehen<br \/>\nFernsehprogramme empfangen wir in unserem Haus via Satellit. In den TV-Ger\u00e4ten ist dazu ein DVB-S Reciver integriert. Die Programmbelegung finden Sie in der Liste vor dem Serviceleitfaden. Radioprogramme empfangen Sie ebenfalls \u00fcber den Fernseher, zur Umschaltung bet\u00e4tigen Sie auf der Fernbedienung die Taste TV\/RADIO<br \/>\nFr\u00fchst\u00fcckszeiten<br \/>\ndas Fr\u00fchst\u00fccksb\u00fcffet steht von 8:00Uhr bis 10:00Uhr in der Veranda (Erdgeschoss im Restaurant) zu Ihrer Verf\u00fcgung. Sollten Sie am Morgen zu einer fr\u00fcheren Zeit fr\u00fchst\u00fccken wollen, ist dies nach vorheriger Absprache m\u00f6glich.<br \/>\n<span style=\"color: #993300;\">G<\/span><br \/>\nGep\u00e4ckservice<br \/>\nauf Wunsch sind wir Ihnen beim Gep\u00e4ck behilflich. Bitte wenden Sie sich an das Rezeptionspersonal.<br \/>\nGep\u00e4cktransfer<br \/>\nEs ist m\u00f6glich, Ihr Gep\u00e4ck auf Wunsch in die Nachbarorte zu transportieren. Bei einem Transfer von einem bis zehn Gep\u00e4ckst\u00fccken berechnen wir 5,-EUR pro St\u00fcck.<br \/>\nGesellschaftsspiele<br \/>\nWir haben eine kleine Auswahl an Gesellschaftsspielen zusammengestellt, die Sie sich gerne<br \/>\nkostenlos ausleihen k\u00f6nnen. Bitte wenden Sie sich an das Servicepersonal.<br \/>\n<span style=\"color: #993300;\">H<\/span><br \/>\nHoteleingang<br \/>\nDer Haupteingang ist zwischen 8:00 und 21:00 ge\u00f6ffnet, wenn Sie nach 21:00 Uhr kommen, nehmen Sie bitte Ihren Zimmerschl\u00fcssel = Haust\u00fcrschl\u00fcssel mit.<br \/>\nDer Nebeneingang \u00fcber den Biergarten zum Innenhof ist w\u00e4hrend der Restaurant-\u00f6ffnungszeiten nutzbar.<br \/>\nHunde<br \/>\nAuf Anfrage k\u00f6nnen Sie Ihren Vierbeiner gerne mitbringen, wir berechnen 5,-EUR pro Nacht.<br \/>\nHygieneartikel<br \/>\nhaben Sie etwas vergessen? Zahnb\u00fcrste, Zahnpasta&#8230; etc fragen Sie an der Rezeption nach.<br \/>\nHandt\u00fccher<br \/>\nAuf Wunsch werden die Handt\u00fccher t\u00e4glich gewechselt, bitte dazu auf den Boden werfen. Zur Ressourcenschonung wie Energie und Wasser bitten wir Sie um Mehrfachverwendung.<br \/>\n<span style=\"color: #993300;\">I<\/span><br \/>\nInformationen<br \/>\njeglicher Art erhalten Sie von unseren Mitarbeitern an der Rezeption, verschiedene Prospekte liegen auch im Eingangsbereich und im Restaurant aus.<br \/>\nInternet<br \/>\nden Zugangscode f\u00fcr unser WLAN &#8222;HertigswaldeWLAN&#8220; erhalten Sie an der Rezeption\/ im Restaurant.<br \/>\n<span style=\"color: #993300;\">K<\/span><br \/>\nKopfkissen<br \/>\nein zus\u00e4tzliches Kopfkissen erhalten Sie auf Wunsch<br \/>\nKreditkarten<br \/>\nwir akzeptieren VISA Card und MasterCard<br \/>\nKopier Service<br \/>\nSie k\u00f6nnen an der Rezeption gegen Geb\u00fchr kopieren lassen<br \/>\nKurtaxe<br \/>\nZur Deckung des touristischen Aufwandes erhebt die Stadt Sebnitz eine Kurtaxe von \u00dcbernachtungsg\u00e4sten im Gemeindegebiet. Mit diesen Einnahmen werden z.B. Wanderwege unterhalten, Gr\u00fcnanlagen gepflegt, Museen bereitgestellt . Die Kurtaxe erlauben wir uns, Ihnen am Ende Ihrer Aufenthaltes mit in Rechnung zu stellen.<br \/>\n<span style=\"color: #993300;\">N<\/span><br \/>\nN\u00e4hzeug<br \/>\nNadel und Faden erhalten Sie auf Wunsch an der Rezeption.<br \/>\nNotf\u00e4lle<br \/>\nz\u00f6gern Sie im Notfall nicht, den Notruf zu w\u00e4hlen!<br \/>\nPolizei: 110<br \/>\nFeuerwehr\/Notarzt: 112<br \/>\nNotebook<br \/>\nauf Wunsch erhalten Sie ein Notebook an der Rezeption.<br \/>\nN\u00e4hservice<br \/>\nKnopf ab \u2013 wir helfen Ihnen gerne!<br \/>\n<span style=\"color: #993300;\">P<\/span><br \/>\nParken<br \/>\nDas Parken auf unseren Parkpl\u00e4tzen vor dem Hotel, im Hof und auf dem gegen\u00fcber-liegenden Grundst\u00fcck ist f\u00fcr Hausg\u00e4ste kostenfrei. Eine Haftung f\u00fcr Fahrzeuge und deren Inhalt wird nicht \u00fcbernommen.<br \/>\nPost<br \/>\nDie eingehende Post erhalten Sie von unseren Rezeptionsmitarbeitern. Ebenso k\u00f6nnen Sie Ihre Briefe und Karten an der Rezeption abgeben, wir leiten sie an die Post weiter. Postkarten k\u00f6nnen Sie an der Rezeption k\u00e4uflich erwerben, ebenso frankieren wir Ihre Post.<br \/>\nIhre Postanschrift lautet: Gasthof Hertigswalde<br \/>\nName, Zimmernummer<br \/>\nHertigswalde 29, 01855 Sebnitz<br \/>\n<span style=\"color: #993300;\">R<\/span><br \/>\nRadio<br \/>\nein Radio ist in jedem Zimmer im TV Ger\u00e4t integriert.<br \/>\nRauchen<br \/>\nBitte beachten Sie, dass in allen Zimmern, im Restaurant und allen Fluren Rauchverbot besteht. Rauchen k\u00f6nnen Sie in unserem Biergarten und am \u00fcberdachten Eingangsbereich.<br \/>\nRestaurant\/\u00d6ffnungszeiten<br \/>\nDie \u00a0bis Sa 17.00 Uhr bis 22.00 Uhr<br \/>\nSo 11.00 Uhr bis 15.00 Uhr<br \/>\nIn unserem Restaurant auf der Veranda verw\u00f6hnen wir Sie jeden Tag mit einem reichhaltigen Fr\u00fchst\u00fcck vom B\u00fcffet in der Zeit von 8.00 bis 10.00 Uhr. Auf Wunsch auch fr\u00fcher.<br \/>\nWarme K\u00fcche bieten wir zwischen 17.00 und 20.00 Uhr &#8211; Bestellung in der K\u00fcche. Am Nachmittag servieren wir hausbackenen Kuchen und Eis im Restaurant und bei sch\u00f6nem Wetter in unserem Biergarten.<br \/>\nRestaurantrechnung<br \/>\nIhre Rechnung im Restaurant buchen wir gern auch aufs Zimmer. Daf\u00fcr ben\u00f6tigen wir Ihre Unterschrift auf dem Restaurantbeleg. Diese Belege werden dann gesamt zur Abreise in Rechnung gestellt. Nat\u00fcrlich k\u00f6nnen Sie auch t\u00e4glich in bar bezahlen.<br \/>\nRuhetag<br \/>\nDas Restaurant hat montags geschlossen.<br \/>\n<span style=\"color: #993300;\">S<\/span><br \/>\nSchuhe putzen<br \/>\nwenden Sie sich an unsere Mitarbeiter an der Rezeption\/ im Restaurant<br \/>\nSafe<br \/>\nUnsere Zimmer verf\u00fcgen nicht \u00fcber eigene Tresore. Wir haben in unserem Haus einen zentralen Safe, in dem Sie Ihre Wertsachen aufbewahren k\u00f6nnen. Bitte melden Sie sich diesbez\u00fcglich an der Rezeption.<br \/>\n<span style=\"color: #993300;\">T<\/span><br \/>\nTaxi<br \/>\nWenn Sie selbst ein Taxi bestellen m\u00f6chten, k\u00f6nnen Sie folgende Unternehmen anrufen:<br \/>\nTaxi Dewitz Telefon 035971 52786<br \/>\nTaxi Bangel Telefon 035971 52747<br \/>\nTelefon<br \/>\nf\u00fcr externe Gespr\u00e4che: w\u00e4hlen Sie bitte die &#8222;0&#8220; vor<br \/>\nf\u00fcr interne Gespr\u00e4che: w\u00e4hlen Sie bitte &#8222;200+ Zimmernummer&#8220;<br \/>\n(z.B. Zimmernummer 2 = &#8222;202&#8220;; Zimmernummer 12 = &#8222;212&#8220;)<br \/>\nSie sind auch direkt von au\u00dfen zu erreichen, die Telefonnummer ergibt sich wie folgt:<br \/>\nTelefonnummer: 035971 + Ihre Zimmernummer (Zimmer 1 = 035971 830501, Zimmer 12 = 035971 830512)<br \/>\n<span style=\"color: #993300;\">TV<\/span><br \/>\nin jedem Zimmer befindet sich ein Flachbildfernseher mit Satellitenanschluss, der \u00fcber zahlreiche Programme verf\u00fcgt. Eine Programm\u00fcbersicht finden Sie gesondert in der Mappe. Bitte programmieren Sie die voreingestellten Sender nicht um. Bei Problemen melden Sie sich bitte an der Rezeption. Wir ersuchen Sie h\u00f6flich, Ihr Ger\u00e4t auf Zimmerlautst\u00e4rke einzustellen, damit andere G\u00e4ste nicht gest\u00f6rt werden.<br \/>\n<span style=\"color: #993300;\">W<\/span><br \/>\nW\u00e4scheservice<br \/>\nGern waschen bzw. b\u00fcgeln wir Ihre private W\u00e4sche. Nutzen Sie dazu dem im Kleiderschrank befindlichen W\u00e4schebeutel oder wenden Sie sich an unsere Mitarbeiter. Die Kosten richten sich nach der Anzahl der zu reinigenden Kleidungsst\u00fccke.<br \/>\nWeckdienst<br \/>\nBitte wenden Sie sich an die Rezeption, wenn Sie einen Weckdienst w\u00fcnschen.<br \/>\nWLAN<br \/>\nUnser hauseigenes WLAN &#8222;HertigswaldeWLAN&#8220; ist in fast allen Zimmern, im Restaurant und Biergarten empfangbar. Den Zugangscode erhalten Sie von unseren Mitarbeitern an den Rezeption.<br \/>\n<span style=\"color: #993300;\">Z<\/span><br \/>\nZeitungen<br \/>\nIn unserem Restaurant liegt die aktuelle Tageszeitung kostenlos zum Lesen bereit<br \/>\nZimmerrechnung<br \/>\nbegleichen Sie am Ende Ihres Aufenthaltes in bar, mit ec, visa oder master card. Bei Abreise vor 8:00 Uhr morgens, bitte am Abend zuvor bezahlen.<br \/>\nZimmerschl\u00fcssel<br \/>\nist gleichzeitig der Haupteingangst\u00fcr-Schl\u00fcssel von der Stra\u00dfenseite her. Bitte geben Sie den Schl\u00fcssel bei der Abreise ab.<\/p>\n","protected":false},"excerpt":{"rendered":"<p>Zur Information finden Sie auf unseren Zimmern eine Hausinformation und G\u00e4ste Informationen von A-Z. Wenn Sie sich schon vor Ihrer Anreise informieren m\u00f6chten finden sie hier einen Download oder auch die Textvariante. Einen Download als pdf. finden Sie hier: Hausinformation &hellip; <a href=\"https:\/\/www.hertigswalde.de\/?page_id=432\">Weiterlesen <span class=\"meta-nav\">&rarr;<\/span><\/a><\/p>\n","protected":false},"author":1,"featured_media":0,"parent":135,"menu_order":15,"comment_status":"closed","ping_status":"closed","template":"sidebar-page.php","meta":{"jetpack_post_was_ever_published":false,"footnotes":""},"class_list":["post-432","page","type-page","status-publish","hentry"],"jetpack_sharing_enabled":true,"jetpack_shortlink":"https:\/\/wp.me\/P4yyaF-6Y","_links":{"self":[{"href":"https:\/\/www.hertigswalde.de\/index.php?rest_route=\/wp\/v2\/pages\/432","targetHints":{"allow":["GET"]}}],"collection":[{"href":"https:\/\/www.hertigswalde.de\/index.php?rest_route=\/wp\/v2\/pages"}],"about":[{"href":"https:\/\/www.hertigswalde.de\/index.php?rest_route=\/wp\/v2\/types\/page"}],"author":[{"embeddable":true,"href":"https:\/\/www.hertigswalde.de\/index.php?rest_route=\/wp\/v2\/users\/1"}],"replies":[{"embeddable":true,"href":"https:\/\/www.hertigswalde.de\/index.php?rest_route=%2Fwp%2Fv2%2Fcomments&post=432"}],"version-history":[{"count":8,"href":"https:\/\/www.hertigswalde.de\/index.php?rest_route=\/wp\/v2\/pages\/432\/revisions"}],"predecessor-version":[{"id":1373,"href":"https:\/\/www.hertigswalde.de\/index.php?rest_route=\/wp\/v2\/pages\/432\/revisions\/1373"}],"up":[{"embeddable":true,"href":"https:\/\/www.hertigswalde.de\/index.php?rest_route=\/wp\/v2\/pages\/135"}],"wp:attachment":[{"href":"https:\/\/www.hertigswalde.de\/index.php?rest_route=%2Fwp%2Fv2%2Fmedia&parent=432"}],"curies":[{"name":"wp","href":"https:\/\/api.w.org\/{rel}","templated":true}]}}