{"id":459,"date":"2014-08-08T10:01:46","date_gmt":"2014-08-08T08:01:46","guid":{"rendered":"http:\/\/www.hertigswalde.de\/?page_id=459"},"modified":"2014-08-08T10:01:46","modified_gmt":"2014-08-08T08:01:46","slug":"gutes-von-hier","status":"publish","type":"page","link":"https:\/\/www.hertigswalde.de\/?page_id=459","title":{"rendered":"Gutes von hier"},"content":{"rendered":"<p>Unsere regionalen Produkte geh\u00f6ren zu den Besonderheiten, die unsere sch\u00f6ne Kulturlandschaft zu bieten hat. Der Verein Landschaf(f)t Zukunft e.V. entwickelt ein Netzwerk f\u00fcr regionale Produkte verschiedener Erzeugersparten in der Region.<\/p>\n<p>Wenn Sie auf der Suche nach regionalen Produkten sind, werden Sie beim Vermarkterportal &#8222;&#8220;S\u00e4chsische Schweiz-Osterzgebirge &#8211; Gutes von hier&#8220; garantiert f\u00fcndig. In der umfangreichen Datenbank finden Sie u.a. Produzenten von Backwaren, Marmeladen, Eiern, Fisch, Fleisch, Milchprodukten, Gem\u00fcse, Obst und Getr\u00e4nken, aber auch Hofl\u00e4den und Lieferservices. Als \u00e4u\u00dferes Zeichen wurde ein Regionalsiegel zur Kennzeichnung unserer regionalen Produkte entwickelt.<\/p>\n<p><a href=\"http:\/\/www.gutes-von-hier.org\/\" target=\"_blank\"><img loading=\"lazy\" decoding=\"async\" class=\"alignnone size-full wp-image-460\" src=\"http:\/\/www.hertigswalde.de\/wp-content\/uploads\/2014\/08\/gutes-von-hier.png\" alt=\"gutes-von-hier\" width=\"217\" height=\"79\" \/><\/a><\/p>\n","protected":false},"excerpt":{"rendered":"<p>Unsere regionalen Produkte geh\u00f6ren zu den Besonderheiten, die unsere sch\u00f6ne Kulturlandschaft zu bieten hat. Der Verein Landschaf(f)t Zukunft e.V. entwickelt ein Netzwerk f\u00fcr regionale Produkte verschiedener Erzeugersparten in der Region. Wenn Sie auf der Suche nach regionalen Produkten sind, werden &hellip; <a href=\"https:\/\/www.hertigswalde.de\/?page_id=459\">Weiterlesen <span class=\"meta-nav\">&rarr;<\/span><\/a><\/p>\n","protected":false},"author":1,"featured_media":0,"parent":70,"menu_order":30,"comment_status":"closed","ping_status":"open","template":"","meta":{"jetpack_post_was_ever_published":false,"footnotes":""},"class_list":["post-459","page","type-page","status-publish","hentry"],"jetpack_sharing_enabled":true,"jetpack_shortlink":"https:\/\/wp.me\/P4yyaF-7p","_links":{"self":[{"href":"https:\/\/www.hertigswalde.de\/index.php?rest_route=\/wp\/v2\/pages\/459","targetHints":{"allow":["GET"]}}],"collection":[{"href":"https:\/\/www.hertigswalde.de\/index.php?rest_route=\/wp\/v2\/pages"}],"about":[{"href":"https:\/\/www.hertigswalde.de\/index.php?rest_route=\/wp\/v2\/types\/page"}],"author":[{"embeddable":true,"href":"https:\/\/www.hertigswalde.de\/index.php?rest_route=\/wp\/v2\/users\/1"}],"replies":[{"embeddable":true,"href":"https:\/\/www.hertigswalde.de\/index.php?rest_route=%2Fwp%2Fv2%2Fcomments&post=459"}],"version-history":[{"count":1,"href":"https:\/\/www.hertigswalde.de\/index.php?rest_route=\/wp\/v2\/pages\/459\/revisions"}],"predecessor-version":[{"id":461,"href":"https:\/\/www.hertigswalde.de\/index.php?rest_route=\/wp\/v2\/pages\/459\/revisions\/461"}],"up":[{"embeddable":true,"href":"https:\/\/www.hertigswalde.de\/index.php?rest_route=\/wp\/v2\/pages\/70"}],"wp:attachment":[{"href":"https:\/\/www.hertigswalde.de\/index.php?rest_route=%2Fwp%2Fv2%2Fmedia&parent=459"}],"curies":[{"name":"wp","href":"https:\/\/api.w.org\/{rel}","templated":true}]}}