{"id":520,"date":"2015-05-22T10:12:20","date_gmt":"2015-05-22T08:12:20","guid":{"rendered":"http:\/\/www.hertigswalde.de\/?page_id=520"},"modified":"2022-04-27T15:09:58","modified_gmt":"2022-04-27T13:09:58","slug":"aktuelles","status":"publish","type":"page","link":"https:\/\/www.hertigswalde.de\/?page_id=520","title":{"rendered":"Nachhaltigkeit"},"content":{"rendered":"\n<p>Nachhaltigkeit &#8211; oft wird dieser Begriff heute von vielen benutzt. Im Folgenden m\u00f6chten wir hier festhalten was wir darunter verstehen:<\/p>\n<p><b><span class=\"Apple-converted-space\">&nbsp;<\/span>Heizung und Warmwasser<\/b><\/p>\n<p>Eine moderne Heizanlage mit Holzvergaserkessel, Pufferspeicher und verbundener Solarthermieanlage sogt f\u00fcr die W\u00e4rme<a href=\"https:\/\/www.hertigswalde.de\/?attachment_id=1197\" rel=\"attachment wp-att-1197\"><img loading=\"lazy\" decoding=\"async\" class=\" wp-image-1197 alignright\" src=\"https:\/\/www.hertigswalde.de\/wp-content\/uploads\/2022\/04\/Foto3-300x225.jpg\" alt=\"\" width=\"276\" height=\"210\"><\/a><\/p>\n<p>Verwendet wird St\u00fcckholz aus dem hauseigenen Wald wenige Meter hinter dem Gasthof. Sieben Hektar Wald werden von der Fichtenmonokultur zu einem artenreichen Mischwald umgebaut. Nebeneffekt: Bindung von zus\u00e4tzlichen CO2.<\/p>\n<p>&nbsp;<\/p>\n<p><b>Elektrische Energie- Strom <\/b><span class=\"Apple-converted-space\">&nbsp;<\/span><\/p>\n<p>Mit Erneuerung einer Dachfl\u00e4chen in 2018\/19 Installation einer netzgekoppelten <a href=\"https:\/\/www.hertigswalde.de\/?attachment_id=1198\" rel=\"attachment wp-att-1198\"><img loading=\"lazy\" decoding=\"async\" class=\" wp-image-1198 alignleft\" src=\"https:\/\/www.hertigswalde.de\/wp-content\/uploads\/2022\/04\/Foto2-300x225.jpg\" alt=\"\" width=\"297\" height=\"226\"><\/a>Photovoltaikanlage ca. 23 KWp mit Akku zur Eigenstromerzeugung und \u00dcberschusseinspeisung.<span class=\"Apple-converted-space\">&nbsp;<\/span>Zubau weiterer Module<span class=\"Apple-converted-space\">&nbsp; <\/span>2 KWp in 2022 Westausrichtung<br>Aktuell mehr als 60% Eigennutzungsgrad, mehr als 50% Autarkiegrad Strom<br>Weiterer Ausbau geplant<\/p>\n<p>&nbsp;<\/p>\n<p><b>Elektromobilit\u00e4t<span class=\"Apple-converted-space\">&nbsp;<\/span><\/b><\/p>\n<p>-seit 2012 stehen E-Bikes den (\u00dcbernachtungs-)G\u00e4sten zum Ausleihen zur Verf\u00fcgung<br>-Eigenes E-Auto (VW ID 3 )seit Oktober 2020 -&gt;laden erfolgt gekoppelt mit der Photovoltaikanlage, sogenanntes \u00dcberschussladen <span class=\"Apple-converted-space\">&nbsp;<br><\/span>-Bereitstellung einer \u00f6ffentlichen Ladebox auf Parkplatz seit September 2020 -PKW Fahrer (Gast, Einwohner, Durchfahrender) kann mit seiner eigenen Ladekarte Strom tanken.<\/p>\n<p><b>Wildgehege\/ Landschaftspflege<span class=\"Apple-converted-space\">&nbsp;<\/span><\/b><\/p>\n<p>G\u00e4ste vom Gasthaus besuchen regelm\u00e4\u00dfig w\u00e4hrend ihres Aufenthaltes die Tiere zum Beispiel als Kurzweil bei Familienfeiern oder w\u00e4hrend des \u00dcbernachtungsaufenthaltes. Gern besuchen auch Sebnitzer, Schulkassen oder Kindergartengruppen das Wildgehege vom Gasthof Hertigswalde.<\/p>\n<p><span class=\"Apple-converted-space\"><a href=\"https:\/\/www.hertigswalde.de\/?attachment_id=1199\" rel=\"attachment wp-att-1199\"><img loading=\"lazy\" decoding=\"async\" class=\"size-medium wp-image-1199 alignleft\" src=\"https:\/\/www.hertigswalde.de\/wp-content\/uploads\/2022\/04\/Foto6-300x225.jpg\" alt=\"\" width=\"300\" height=\"225\" srcset=\"https:\/\/www.hertigswalde.de\/wp-content\/uploads\/2022\/04\/Foto6-300x225.jpg 300w, https:\/\/www.hertigswalde.de\/wp-content\/uploads\/2022\/04\/Foto6-1024x768.jpg 1024w, https:\/\/www.hertigswalde.de\/wp-content\/uploads\/2022\/04\/Foto6-768x576.jpg 768w, https:\/\/www.hertigswalde.de\/wp-content\/uploads\/2022\/04\/Foto6-1536x1152.jpg 1536w, https:\/\/www.hertigswalde.de\/wp-content\/uploads\/2022\/04\/Foto6-2048x1536.jpg 2048w, https:\/\/www.hertigswalde.de\/wp-content\/uploads\/2022\/04\/Foto6-400x300.jpg 400w\" sizes=\"auto, (max-width: 300px) 100vw, 300px\" \/><\/a><\/span>Auf der einen Seite werden die Wiesen durch das Damwild sehr intensiv genutzt, auf der anderen Seite haben wir weniger genutzte Ausgleichsfl\u00e4chen, Baumstreifen, Teiche und Streu-Obstwiesen angelegt. Diese Kombination hat sich positiv auf die Flora und Fauna ausgewirkt.<\/p>\n","protected":false},"excerpt":{"rendered":"<p>Nachhaltigkeit &#8211; oft wird dieser Begriff heute von vielen benutzt. Im Folgenden m\u00f6chten wir hier festhalten was wir darunter verstehen: &nbsp;Heizung und Warmwasser Eine moderne Heizanlage mit Holzvergaserkessel, Pufferspeicher und verbundener Solarthermieanlage sogt f\u00fcr die W\u00e4rme Verwendet wird St\u00fcckholz aus &hellip; <a href=\"https:\/\/www.hertigswalde.de\/?page_id=520\">Weiterlesen <span class=\"meta-nav\">&rarr;<\/span><\/a><\/p>\n","protected":false},"author":1,"featured_media":0,"parent":135,"menu_order":40,"comment_status":"closed","ping_status":"closed","template":"","meta":{"jetpack_post_was_ever_published":false,"footnotes":""},"class_list":["post-520","page","type-page","status-publish","hentry"],"jetpack_sharing_enabled":true,"jetpack_shortlink":"https:\/\/wp.me\/P4yyaF-8o","_links":{"self":[{"href":"https:\/\/www.hertigswalde.de\/index.php?rest_route=\/wp\/v2\/pages\/520","targetHints":{"allow":["GET"]}}],"collection":[{"href":"https:\/\/www.hertigswalde.de\/index.php?rest_route=\/wp\/v2\/pages"}],"about":[{"href":"https:\/\/www.hertigswalde.de\/index.php?rest_route=\/wp\/v2\/types\/page"}],"author":[{"embeddable":true,"href":"https:\/\/www.hertigswalde.de\/index.php?rest_route=\/wp\/v2\/users\/1"}],"replies":[{"embeddable":true,"href":"https:\/\/www.hertigswalde.de\/index.php?rest_route=%2Fwp%2Fv2%2Fcomments&post=520"}],"version-history":[{"count":9,"href":"https:\/\/www.hertigswalde.de\/index.php?rest_route=\/wp\/v2\/pages\/520\/revisions"}],"predecessor-version":[{"id":1200,"href":"https:\/\/www.hertigswalde.de\/index.php?rest_route=\/wp\/v2\/pages\/520\/revisions\/1200"}],"up":[{"embeddable":true,"href":"https:\/\/www.hertigswalde.de\/index.php?rest_route=\/wp\/v2\/pages\/135"}],"wp:attachment":[{"href":"https:\/\/www.hertigswalde.de\/index.php?rest_route=%2Fwp%2Fv2%2Fmedia&parent=520"}],"curies":[{"name":"wp","href":"https:\/\/api.w.org\/{rel}","templated":true}]}}