{"id":63,"date":"2013-01-10T01:08:34","date_gmt":"2013-01-09T23:08:34","guid":{"rendered":"http:\/\/www.hertigswalde.de\/?page_id=63"},"modified":"2021-03-03T09:31:13","modified_gmt":"2021-03-03T07:31:13","slug":"partner-netzwerk","status":"publish","type":"page","link":"https:\/\/www.hertigswalde.de\/?page_id=63","title":{"rendered":"Partner &#038; Netzwerk"},"content":{"rendered":"<p><span style=\"color: #000000;\" data-mce-mark=\"1\">Das Elbsandsteingebirge, die S\u00e4chsische Schweiz mit ihren Pflanzen und Tieren ist eine einzigartige Naturlandsch<\/span><span style=\"color: #000000;\" data-mce-mark=\"1\">aft. In einem Teil des Gebietes sind die Lebensr\u00e4umen durch den Nationalpark besonders unter Schutz gestellt.<br \/>\nUmweltfreundliches Wirtschaften und sorgsamer Umgang mit den Ressourcen, mit Wasser, mit Energie sind f\u00fcr uns wichtig. Wir heizen zum Beispiel unser Hotel mit CO2 neutralen Holz aus dem eigenem Wald. Strom stammt zu fast 50 Prozent aus unserer Photovoltaikanlage.<br \/>\n<\/span><span style=\"color: #000000;\" data-mce-mark=\"1\">Als Gast erhalten Sie bei uns Informationen \u00fcber die einzigartige Naturlandschaft, den Nationalpark, das Nationalparkzentrum und die Nationalparkregion.&nbsp;<\/span><span style=\"color: #000000;\" data-mce-mark=\"1\">weitere Informationen \u00fcber den Nationalpark erhalten Sie <\/span><a href=\"http:\/\/www.nationalpark-saechsische-schweiz.de\" target=\"_blank\" rel=\"noopener\">hier<\/a><span style=\"color: #000000;\" data-mce-mark=\"1\">.<\/span><\/p>\n<p style=\"display: inline !important;\"><!--more--><\/p>\n<p style=\"display: inline !important;\">DEHOGA RV S\u00e4chsische Schweiz e.V. Wir sind <a href=\"http:\/\/www.dehoga-ssw.de\/startseite.html\" target=\"_blank\" rel=\"attachment noopener wp-att-193\"><img loading=\"lazy\" decoding=\"async\" class=\"size-full wp-image-193 alignright\" src=\"http:\/\/www.hertigswalde.de\/wp-content\/uploads\/2013\/01\/DEHOGA.jpg\" alt=\"DEHOGA\" width=\"200\" height=\"70\"><\/a>Mitglied im DEHOGA Regionalverband S\u00e4chsische Schweiz e. V. Die Unternehmer- und Berufsorganisation nimmt f\u00fcr uns die berechtigten Interessen von Hotellerie und Gastronomie in der Bundesrepublik, im Freistaat Sachsen und im Landkreis wahr. Wir profitieren von branchenaktuellen Informationen, Fort- und Weiterbildungen und Erfahrungsaustausch mit anderen Unternehmen.<\/p>\n<p><!--more--><\/p>\n<p>Wir sind Mitglied im&nbsp;<a href=\"http:\/\/www.saechsische-schweiz.de\/elbsandsteingebirge.html\" target=\"_blank\" rel=\"noopener\">Tourismusverband S\u00e4chsische&nbsp;<img loading=\"lazy\" decoding=\"async\" class=\"size-full wp-image-196 alignleft\" src=\"http:\/\/www.hertigswalde.de\/wp-content\/uploads\/2013\/01\/logo_TV.gif\" alt=\"logo_TV\" width=\"180\" height=\"66\">&nbsp;Schweiz e.V. <\/a>\u2013 einem Zusammenschluss von Gemeinden, Unternehmen, Institutionen und lokalen Vereinen zur F\u00f6rderung des Wirtschaftsfaktors Tourismus in unserem Landkreis. Der Verband vertritt unsere touristischen Interessen innerhalb der Region aber auch gegen\u00fcber Bund und Land.<\/p>\n<p><!--more--><\/p>\n<p>Der Malerweg einer der beliebtesten Wanderwege <a href=\"http:\/\/www.malerweg.de\/\" target=\"_blank\" rel=\"attachment noopener wp-att-194\"><img loading=\"lazy\" decoding=\"async\" class=\"size-full wp-image-194 alignright\" src=\"http:\/\/www.hertigswalde.de\/wp-content\/uploads\/2013\/01\/Elbsandsteingebirge.jpg\" alt=\"Elbsandsteingebirge\" width=\"200\" height=\"106\"><\/a>Deutschlands f\u00fchrt ann\u00e4hernd auf einer historischen Route durch wildromantischer Schluchten, vorbei an bizarreren Felsgebilden und \u00fcber erhabener Tafelberge mit atemberaubenden Aussichten. Eine Qualit\u00e4tsgarantie f\u00fcr alle Wanderfreunde ist das Zertifikat \u201eWanderfreundlich am Malerweg\u201c. &nbsp;Bis zum 31.12.2016 trugen wir das Sigel, aus wirtschaftlichen Gr\u00fcnden beteiligen wir uns jedoch nicht mehr direkt daran. Kurzfristige Zimmerbuchungen und \u00dcbernachtungsm\u00f6glichkeiten f\u00fcr nur eine Nacht geh\u00f6ren weiterhin &nbsp;zu unseren Leistungen wie die Unterst\u00fctzung beim Gep\u00e4cktransfer und der m\u00f6gliche Hol- und Bringservice zum Malerweg. Mehr Informationsmaterial zum Malerweg stellen wir Ihnen gern zur Verf\u00fcgung oder auch unter folgendem <a href=\"http:\/\/www.malerweg.de\/\" target=\"_blank\" rel=\"noopener\">Link<\/a><\/p>\n<p><!--more--><\/p>\n<p><a style=\"text-decoration: underline;\" href=\"http:\/\/www.hertigswalde.de\/wp-content\/uploads\/2013\/01\/logo_E-Bike.jpg\"><img loading=\"lazy\" decoding=\"async\" class=\"size-full wp-image-195 alignleft\" style=\"border-color: #bbbbbb; background-color: #eeeeee;\" src=\"http:\/\/www.hertigswalde.de\/wp-content\/uploads\/2013\/01\/logo_E-Bike.jpg\" alt=\"logo_E-Bike\" width=\"100\" height=\"154\"><\/a><\/p>\n<p style=\"display: inline !important;\">Mit dem Erwerb von neuen Kalkhoff E-Bikes im Juli 2012 wurde der Gasthof Hertigswalde<\/p>\n<p style=\"display: inline !important;\"><a style=\"text-decoration: underline;\" href=\"http:\/\/www.hertigswalde.de\/wp-content\/uploads\/2013\/01\/logo_E-Bike.jpg\">&nbsp;<\/a><\/p>\n<p style=\"display: inline !important;\">Kooperationspartner im Rahmen des neuen E Bike Netzwerkes im Landkreis S\u00e4chsische Schweiz Osterzgebierge. Federf\u00fchrend bei diesem Projekt ist der Tourismusverband S\u00e4chsische Schweiz. e.V. In Kooperation mit dem Fahrradh\u00e4ndler Little John Bike sind weitere Verleihstationen in der Region am Entstehen.<\/p>\n","protected":false},"excerpt":{"rendered":"<p>Das Elbsandsteingebirge, die S\u00e4chsische Schweiz mit ihren Pflanzen und Tieren ist eine einzigartige Naturlandschaft. In einem Teil des Gebietes sind die Lebensr\u00e4umen durch den Nationalpark besonders unter Schutz gestellt. Umweltfreundliches Wirtschaften und sorgsamer Umgang mit den Ressourcen, mit Wasser, mit &hellip; <a href=\"https:\/\/www.hertigswalde.de\/?page_id=63\">Weiterlesen <span class=\"meta-nav\">&rarr;<\/span><\/a><\/p>\n","protected":false},"author":1,"featured_media":0,"parent":135,"menu_order":40,"comment_status":"closed","ping_status":"closed","template":"","meta":{"jetpack_post_was_ever_published":false,"footnotes":""},"class_list":["post-63","page","type-page","status-publish","hentry"],"jetpack_sharing_enabled":true,"jetpack_shortlink":"https:\/\/wp.me\/P4yyaF-11","_links":{"self":[{"href":"https:\/\/www.hertigswalde.de\/index.php?rest_route=\/wp\/v2\/pages\/63","targetHints":{"allow":["GET"]}}],"collection":[{"href":"https:\/\/www.hertigswalde.de\/index.php?rest_route=\/wp\/v2\/pages"}],"about":[{"href":"https:\/\/www.hertigswalde.de\/index.php?rest_route=\/wp\/v2\/types\/page"}],"author":[{"embeddable":true,"href":"https:\/\/www.hertigswalde.de\/index.php?rest_route=\/wp\/v2\/users\/1"}],"replies":[{"embeddable":true,"href":"https:\/\/www.hertigswalde.de\/index.php?rest_route=%2Fwp%2Fv2%2Fcomments&post=63"}],"version-history":[{"count":18,"href":"https:\/\/www.hertigswalde.de\/index.php?rest_route=\/wp\/v2\/pages\/63\/revisions"}],"predecessor-version":[{"id":1018,"href":"https:\/\/www.hertigswalde.de\/index.php?rest_route=\/wp\/v2\/pages\/63\/revisions\/1018"}],"up":[{"embeddable":true,"href":"https:\/\/www.hertigswalde.de\/index.php?rest_route=\/wp\/v2\/pages\/135"}],"wp:attachment":[{"href":"https:\/\/www.hertigswalde.de\/index.php?rest_route=%2Fwp%2Fv2%2Fmedia&parent=63"}],"curies":[{"name":"wp","href":"https:\/\/api.w.org\/{rel}","templated":true}]}}