{"id":66,"date":"2013-01-10T01:11:57","date_gmt":"2013-01-09T23:11:57","guid":{"rendered":"http:\/\/www.hertigswalde.de\/?page_id=66"},"modified":"2014-02-05T15:25:45","modified_gmt":"2014-02-05T13:25:45","slug":"tagen-feiern","status":"publish","type":"page","link":"https:\/\/www.hertigswalde.de\/?page_id=66","title":{"rendered":"Tagen &#038; Feiern"},"content":{"rendered":"<p>Sie haben einen Grund zu feiern? Vom Brunch \u00fcber ein romantisches Candle-Light-Dinner bis zum rauschenden Hochzeitsfest, Geburtstag, Schuleingang, Klassentreffen oder Weihnachtsfeier &#8211; w\u00e4hlen Sie eine unserer liebevoll renovierten R\u00e4umlichkeit. In jeweils einer der beiden Veranden haben bis zu 25 Personen Platz. F\u00fcr Veranstaltungen mit maximal 50 G\u00e4sten steht Ihnen unsere Saalstube zur Verf\u00fcgung. Im der Gaststube\u00a0 k\u00f6nnen bis zu 25 Personen auf das Feuer im Kamin schauen.<\/p>\n<p>Die Raum und Sitzplatzaufteilung noch mal im einzelnen:<\/p>\n<p>Gastraum mit Kamin &#8211; Einzeltische &#8211; bis 25 Personen<br \/>\nVeranda 1 (am Gastraum) &#8211; Einzeltische\/ Tafel &#8211; bis 24 Personen<br \/>\nVeranda 2 (am Saal)\u00a0&#8211; Einzeltische\/ Tafel &#8211; bis 24 Personen<br \/>\nSaalstube &#8211; Tische als Tafel &#8211; zw. 25 und 55 Personen<br \/>\nSaalstube und Veranda 2 zusammen mit ge\u00f6ffneten Zwischent\u00fcren &#8211; vier Einzeltafeln &#8211; bis zu 75 Personen<br \/>\nder gro\u00dfe Saal &#8211; Einzeltische\/ variable Tafeln &#8211; bis zu 110 Personen<\/p>\n<p><a href=\"http:\/\/www.hertigswalde.de\/wp-content\/uploads\/2013\/01\/saalstube.jpg\"><img loading=\"lazy\" decoding=\"async\" class=\"alignnone size-full wp-image-186\" alt=\"saalstube\" src=\"http:\/\/www.hertigswalde.de\/wp-content\/uploads\/2013\/01\/saalstube.jpg\" width=\"600\" height=\"400\" srcset=\"https:\/\/www.hertigswalde.de\/wp-content\/uploads\/2013\/01\/saalstube.jpg 600w, https:\/\/www.hertigswalde.de\/wp-content\/uploads\/2013\/01\/saalstube-300x200.jpg 300w, https:\/\/www.hertigswalde.de\/wp-content\/uploads\/2013\/01\/saalstube-450x300.jpg 450w\" sizes=\"auto, (max-width: 600px) 100vw, 600px\" \/><\/a><\/p>\n<p>&nbsp;<\/p>\n<p><a href=\"http:\/\/www.hertigswalde.de\/wp-content\/uploads\/2013\/01\/SL730037.jpg\"><img loading=\"lazy\" decoding=\"async\" class=\"alignnone size-medium wp-image-237\" alt=\"SL730037\" src=\"http:\/\/www.hertigswalde.de\/wp-content\/uploads\/2013\/01\/SL730037-300x225.jpg\" width=\"300\" height=\"225\" srcset=\"https:\/\/www.hertigswalde.de\/wp-content\/uploads\/2013\/01\/SL730037-300x225.jpg 300w, https:\/\/www.hertigswalde.de\/wp-content\/uploads\/2013\/01\/SL730037-1024x768.jpg 1024w, https:\/\/www.hertigswalde.de\/wp-content\/uploads\/2013\/01\/SL730037-400x300.jpg 400w\" sizes=\"auto, (max-width: 300px) 100vw, 300px\" \/><\/a><\/p>\n","protected":false},"excerpt":{"rendered":"<p>Sie haben einen Grund zu feiern? Vom Brunch \u00fcber ein romantisches Candle-Light-Dinner bis zum rauschenden Hochzeitsfest, Geburtstag, Schuleingang, Klassentreffen oder Weihnachtsfeier &#8211; w\u00e4hlen Sie eine unserer liebevoll renovierten R\u00e4umlichkeit. In jeweils einer der beiden Veranden haben bis zu 25 Personen &hellip; <a href=\"https:\/\/www.hertigswalde.de\/?page_id=66\">Weiterlesen <span class=\"meta-nav\">&rarr;<\/span><\/a><\/p>\n","protected":false},"author":1,"featured_media":0,"parent":147,"menu_order":1,"comment_status":"closed","ping_status":"closed","template":"","meta":{"jetpack_post_was_ever_published":false,"footnotes":""},"class_list":["post-66","page","type-page","status-publish","hentry"],"jetpack_sharing_enabled":true,"jetpack_shortlink":"https:\/\/wp.me\/P4yyaF-14","_links":{"self":[{"href":"https:\/\/www.hertigswalde.de\/index.php?rest_route=\/wp\/v2\/pages\/66","targetHints":{"allow":["GET"]}}],"collection":[{"href":"https:\/\/www.hertigswalde.de\/index.php?rest_route=\/wp\/v2\/pages"}],"about":[{"href":"https:\/\/www.hertigswalde.de\/index.php?rest_route=\/wp\/v2\/types\/page"}],"author":[{"embeddable":true,"href":"https:\/\/www.hertigswalde.de\/index.php?rest_route=\/wp\/v2\/users\/1"}],"replies":[{"embeddable":true,"href":"https:\/\/www.hertigswalde.de\/index.php?rest_route=%2Fwp%2Fv2%2Fcomments&post=66"}],"version-history":[{"count":7,"href":"https:\/\/www.hertigswalde.de\/index.php?rest_route=\/wp\/v2\/pages\/66\/revisions"}],"predecessor-version":[{"id":367,"href":"https:\/\/www.hertigswalde.de\/index.php?rest_route=\/wp\/v2\/pages\/66\/revisions\/367"}],"up":[{"embeddable":true,"href":"https:\/\/www.hertigswalde.de\/index.php?rest_route=\/wp\/v2\/pages\/147"}],"wp:attachment":[{"href":"https:\/\/www.hertigswalde.de\/index.php?rest_route=%2Fwp%2Fv2%2Fmedia&parent=66"}],"curies":[{"name":"wp","href":"https:\/\/api.w.org\/{rel}","templated":true}]}}