{"id":85,"date":"2013-01-10T01:26:09","date_gmt":"2013-01-09T23:26:09","guid":{"rendered":"http:\/\/www.hertigswalde.de\/?page_id=85"},"modified":"2026-03-30T20:37:57","modified_gmt":"2026-03-30T18:37:57","slug":"willkommen","status":"publish","type":"page","link":"https:\/\/www.hertigswalde.de\/","title":{"rendered":"Willkommen im Gasthof Hertigswalde"},"content":{"rendered":"<p>Mitten im Ortsteil Hertigswalde ca. 2000 Meter vom Sebnitzer Marktplatz entfernt liegt unser Gasthof. Direkt hinter unserem Haus beginnen Wanderwege in die wundersch\u00f6ne Landschaft der S\u00e4chsischen Schweiz. Das Haus ist eines der \u00e4ltesten noch bestehenden Gasth\u00e4user der Stadt und kann auf eine aufregende Geschichte zur\u00fcck blicken. Hervorgegangen aus dem gr\u00f6\u00dften Bauernhof im Ort, dem Erbgericht, hei\u00dft der Gasthof Hertigswalde seit 1831 G\u00e4ste willkommen. So entstand schon fr\u00fch eine Herberge f\u00fcr Handelsreisende und Sommerfrischler. Heute finden Sie modernen Komfort und vielf\u00e4ltige Angebote f\u00fcr einen entspannten Urlaub in der S\u00e4chsischen Schweiz f\u00fcr den naturverbundenen (Rad-) Wanderer ebenso wie f\u00fcr den kulturinteressierten Entdecker. Die besondere Kombination aus Tradition und Moderne verspricht Individualit\u00e4t und Atmosph\u00e4re.<a href=\"https:\/\/www.hertigswalde.de\/?attachment_id=5\" rel=\"attachment wp-att-376\"><img loading=\"lazy\" decoding=\"async\" class=\"alignnone wp-image-5 size-large\" src=\"https:\/\/www.hertigswalde.de\/wp-content\/uploads\/2013\/01\/Gast_Hertigw-1024x682.jpg\" alt=\"\" width=\"584\" height=\"389\" srcset=\"https:\/\/www.hertigswalde.de\/wp-content\/uploads\/2013\/01\/Gast_Hertigw-1024x682.jpg 1024w, https:\/\/www.hertigswalde.de\/wp-content\/uploads\/2013\/01\/Gast_Hertigw-300x199.jpg 300w, https:\/\/www.hertigswalde.de\/wp-content\/uploads\/2013\/01\/Gast_Hertigw-450x300.jpg 450w, https:\/\/www.hertigswalde.de\/wp-content\/uploads\/2013\/01\/Gast_Hertigw.jpg 2000w\" sizes=\"auto, (max-width: 584px) 100vw, 584px\" \/><\/a><\/p>\n\n\n\n\n<p><a href=\"https:\/\/www.hertigswalde.de\/?page_id=293\" data-type=\"page\" data-id=\"293\">Im Restaurant: Barlauch und Lammbraten<\/a><\/p>\n\n\n\n<p><strong>Vom Eise befreit \u2026..<\/strong><br>\u2026..nun ja, der Winter sendet dieses Jahr nochmal die Schauer k\u00f6rnigen Eises, langsam wird es dennoch gr\u00fcn.<br>Klassisch geh\u00f6rt in diese Fr\u00fchlings und Osterzeit der Lammbraten. Genie\u00dfen Sie in unserem Restaurant den Braten mit gr\u00fcnen Bohnen und Kartoffelkl\u00f6\u00dfen oder mit karamellisierten Tomaten und Sp\u00e4tzle. Im eine Empfehlung sind in unserem Restaurant die fangfrischen Forellen aus dem Brunnen im Hof geliefert von der Forellenzucht Ermisch im Nachbarort<\/p>\n\n\n\n<p style=\"text-align: left;\">&nbsp;<\/p>\n<p>&nbsp;<\/p>\n\n\n\n<div class=\"wp-block-group\"><div class=\"wp-block-group__inner-container is-layout-constrained wp-block-group-is-layout-constrained\">\n<p><\/p>\n\n\n\n<div>&nbsp;<\/div>\n<div>\n<p>&nbsp;<\/p>\n<p>&nbsp;<\/p>\n<\/div>\n\n\n\n<p>\u00a0<\/p>\n<div id=\"ebFrontEndFrame\">Direkt online buchen<\/div>\n<p><script src=\"\/\/www.easy-booking.at\/bookingengine2\/js\/jquery.easybooking.frontend.js\"><\/script> <script>\n  function ebFrontendLoadedCheck() {\n    if (typeof jQuery != \"undefined\") {\n      if (jQuery.fn.ebFrontEnd) {\n        jQuery(\"#ebFrontEndFrame\").ebFrontEnd({\n          customerId: 4766,\n          serialNo: \"8017-6989-8938\",\n          localeId: 2,\n          frameId: \"ebFrontEndPlugin\",\n          encapsulated: true,\n          adultOnly: false,\n          hideFilters: \"on\",\n          conversionReservation: \"\",\n          conversionEnquiry: \"\",\n          frameWidth: \"auto\",\n          frameHeight: \"auto\",\n          resizeInterval: 500,\n          source: \"\",\n          collapsedExtras: false\n        });\n      } else {\n        setTimeout(ebFrontendLoadedCheck, 200);\n      }\n    } else {\n      setTimeout(ebFrontendLoadedCheck, 200);\n    }\n  }\n  ebFrontendLoadedCheck();\n<\/script><\/p>\n<p>\u00a0<\/p>\n<\/div><\/div>\n","protected":false},"excerpt":{"rendered":"<p>Mitten im Ortsteil Hertigswalde ca. 2000 Meter vom Sebnitzer Marktplatz entfernt liegt unser Gasthof. Direkt hinter unserem Haus beginnen Wanderwege in die wundersch\u00f6ne Landschaft der S\u00e4chsischen Schweiz. Das Haus ist eines der \u00e4ltesten noch bestehenden Gasth\u00e4user der Stadt und kann &hellip; <a href=\"https:\/\/www.hertigswalde.de\/\">Weiterlesen <span class=\"meta-nav\">&rarr;<\/span><\/a><\/p>\n","protected":false},"author":1,"featured_media":0,"parent":0,"menu_order":0,"comment_status":"closed","ping_status":"closed","template":"sidebar-page.php","meta":{"jetpack_post_was_ever_published":false,"footnotes":""},"class_list":["post-85","page","type-page","status-publish","hentry"],"jetpack_sharing_enabled":true,"jetpack_shortlink":"https:\/\/wp.me\/P4yyaF-1n","_links":{"self":[{"href":"https:\/\/www.hertigswalde.de\/index.php?rest_route=\/wp\/v2\/pages\/85","targetHints":{"allow":["GET"]}}],"collection":[{"href":"https:\/\/www.hertigswalde.de\/index.php?rest_route=\/wp\/v2\/pages"}],"about":[{"href":"https:\/\/www.hertigswalde.de\/index.php?rest_route=\/wp\/v2\/types\/page"}],"author":[{"embeddable":true,"href":"https:\/\/www.hertigswalde.de\/index.php?rest_route=\/wp\/v2\/users\/1"}],"replies":[{"embeddable":true,"href":"https:\/\/www.hertigswalde.de\/index.php?rest_route=%2Fwp%2Fv2%2Fcomments&post=85"}],"version-history":[{"count":199,"href":"https:\/\/www.hertigswalde.de\/index.php?rest_route=\/wp\/v2\/pages\/85\/revisions"}],"predecessor-version":[{"id":1380,"href":"https:\/\/www.hertigswalde.de\/index.php?rest_route=\/wp\/v2\/pages\/85\/revisions\/1380"}],"wp:attachment":[{"href":"https:\/\/www.hertigswalde.de\/index.php?rest_route=%2Fwp%2Fv2%2Fmedia&parent=85"}],"curies":[{"name":"wp","href":"https:\/\/api.w.org\/{rel}","templated":true}]}}